{"id":2954,"date":"2023-01-18T14:52:03","date_gmt":"2023-01-18T14:52:03","guid":{"rendered":"https:\/\/polifilas.com\/decofil\/"},"modified":"2024-12-14T13:02:10","modified_gmt":"2024-12-14T13:02:10","slug":"decofil","status":"publish","type":"page","link":"https:\/\/polifilas.com\/de\/decofil\/","title":{"rendered":"DecoFIL"},"content":{"rendered":"\t\t<div data-elementor-type=\"wp-page\" data-elementor-id=\"2954\" class=\"elementor elementor-2954 elementor-957\" data-elementor-post-type=\"page\">\n\t\t\t\t\t\t<section class=\"elementor-section elementor-top-section elementor-element elementor-element-d0dd02e elementor-section-height-full elementor-section-boxed elementor-section-height-default elementor-section-items-middle\" data-id=\"d0dd02e\" data-element_type=\"section\" data-e-type=\"section\" data-settings=\"{&quot;background_background&quot;:&quot;classic&quot;}\">\n\t\t\t\t\t\t\t<div class=\"elementor-background-overlay\"><\/div>\n\t\t\t\t\t\t\t<div class=\"elementor-container elementor-column-gap-default\">\n\t\t\t\t\t<div class=\"elementor-column elementor-col-50 elementor-top-column elementor-element elementor-element-af2c349\" data-id=\"af2c349\" data-element_type=\"column\" data-e-type=\"column\" data-settings=\"{&quot;background_background&quot;:&quot;classic&quot;}\">\n\t\t\t<div class=\"elementor-widget-wrap elementor-element-populated\">\n\t\t\t\t\t\t<div class=\"elementor-element elementor-element-642ce4e elementor-widget elementor-widget-heading\" data-id=\"642ce4e\" data-element_type=\"widget\" data-e-type=\"widget\" data-widget_type=\"heading.default\">\n\t\t\t\t<div class=\"elementor-widget-container\">\n\t\t\t\t\t<h1 class=\"elementor-heading-title elementor-size-default\"><span style=\"color: #e3000f\"> DecoFIL<\/span><br> <\/h1>\t\t\t\t<\/div>\n\t\t\t\t<\/div>\n\t\t\t\t<div class=\"elementor-element elementor-element-4991a2a animated-fast elementor-widget__width-initial elementor-invisible elementor-widget elementor-widget-text-editor\" data-id=\"4991a2a\" data-element_type=\"widget\" data-e-type=\"widget\" data-settings=\"{&quot;_animation&quot;:&quot;fadeIn&quot;,&quot;_animation_delay&quot;:1400}\" data-widget_type=\"text-editor.default\">\n\t\t\t\t<div class=\"elementor-widget-container\">\n\t\t\t\t\t\t\t\t\t<p><span style=\"color: #e3000f;\"><strong>DecoFIL,<\/strong><\/span> die Marke, die in der T\u00fcrkei und weltweit bevorzugt wird; wird als dekoratives Beschattungsnetz oder Windschutz in Hotels, Restaurants, Caf\u00e9s, an Str\u00e4nden, auf Parkpl\u00e4tzen und Sportpl\u00e4tzen verwendet.<\/p>\n\t\t\t\t\t\t\t\t<\/div>\n\t\t\t\t<\/div>\n\t\t\t\t<div class=\"elementor-element elementor-element-33e44621 elementor-view-default elementor-widget elementor-widget-icon\" data-id=\"33e44621\" data-element_type=\"widget\" data-e-type=\"widget\" data-settings=\"{&quot;_animation&quot;:&quot;none&quot;,&quot;_animation_delay&quot;:700}\" data-widget_type=\"icon.default\">\n\t\t\t\t<div class=\"elementor-widget-container\">\n\t\t\t\t\t\t\t<div class=\"elementor-icon-wrapper\">\n\t\t\t<a class=\"elementor-icon elementor-animation-sink\" href=\"#next\">\n\t\t\t<i aria-hidden=\"true\" class=\"icon icon-arrow-down-circle\"><\/i>\t\t\t<\/a>\n\t\t<\/div>\n\t\t\t\t\t\t<\/div>\n\t\t\t\t<\/div>\n\t\t\t\t\t<\/div>\n\t\t<\/div>\n\t\t\t\t<div class=\"elementor-column elementor-col-50 elementor-top-column elementor-element elementor-element-5d9bf19\" data-id=\"5d9bf19\" data-element_type=\"column\" data-e-type=\"column\">\n\t\t\t<div class=\"elementor-widget-wrap\">\n\t\t\t\t\t\t\t<\/div>\n\t\t<\/div>\n\t\t\t\t\t<\/div>\n\t\t<\/section>\n\t\t\t\t<section class=\"elementor-section elementor-top-section elementor-element elementor-element-ffa4099 elementor-section-boxed elementor-section-height-default elementor-section-height-default\" data-id=\"ffa4099\" data-element_type=\"section\" data-e-type=\"section\" id=\"next\">\n\t\t\t\t\t\t<div class=\"elementor-container elementor-column-gap-default\">\n\t\t\t\t\t<div class=\"elementor-column elementor-col-50 elementor-top-column elementor-element elementor-element-0dc7f75\" data-id=\"0dc7f75\" data-element_type=\"column\" data-e-type=\"column\" data-settings=\"{&quot;background_background&quot;:&quot;classic&quot;}\">\n\t\t\t<div class=\"elementor-widget-wrap elementor-element-populated\">\n\t\t\t\t\t\t<div class=\"elementor-element elementor-element-d02b814 elementor--h-position-left elementor--v-position-bottom elementor-arrows-position-inside elementor-widget elementor-widget-slides\" data-id=\"d02b814\" data-element_type=\"widget\" data-e-type=\"widget\" data-settings=\"{&quot;navigation&quot;:&quot;arrows&quot;,&quot;autoplay&quot;:&quot;yes&quot;,&quot;pause_on_hover&quot;:&quot;yes&quot;,&quot;pause_on_interaction&quot;:&quot;yes&quot;,&quot;autoplay_speed&quot;:5000,&quot;infinite&quot;:&quot;yes&quot;,&quot;transition&quot;:&quot;slide&quot;,&quot;transition_speed&quot;:500}\" data-widget_type=\"slides.default\">\n\t\t\t\t<div class=\"elementor-widget-container\">\n\t\t\t\t\t\t\t\t\t<div class=\"elementor-swiper\">\n\t\t\t\t\t<div class=\"elementor-slides-wrapper elementor-main-swiper swiper\" role=\"region\" aria-roledescription=\"carousel\" aria-label=\"Slider\" dir=\"ltr\" data-animation=\"fadeInUp\">\n\t\t\t\t<div class=\"swiper-wrapper elementor-slides\">\n\t\t\t\t\t\t\t\t\t\t<div class=\"elementor-repeater-item-3fc1f38 swiper-slide\" role=\"group\" aria-roledescription=\"slide\"><div class=\"swiper-slide-bg\" role=\"img\" aria-label=\"DecoFIL Dekoratif G\u00f6lgeleme Filesi\"><\/div><div class=\"swiper-slide-inner\" ><div class=\"swiper-slide-contents\"><\/div><\/div><\/div><div class=\"elementor-repeater-item-cb65dd4 swiper-slide\" role=\"group\" aria-roledescription=\"slide\"><div class=\"swiper-slide-bg\" role=\"img\" aria-label=\"DecoFIL Dekoratif G\u00f6lgeleme Filesi\"><\/div><div class=\"swiper-slide-inner\" ><div class=\"swiper-slide-contents\"><\/div><\/div><\/div>\t\t\t\t<\/div>\n\t\t\t\t\t\t\t\t\t\t\t\t\t\t\t<div class=\"elementor-swiper-button elementor-swiper-button-prev\" role=\"button\" tabindex=\"0\" aria-label=\"Vorheriger Slide\">\n\t\t\t\t\t\t\t<i aria-hidden=\"true\" class=\"eicon-chevron-left\"><\/i>\t\t\t\t\t\t<\/div>\n\t\t\t\t\t\t<div class=\"elementor-swiper-button elementor-swiper-button-next\" role=\"button\" tabindex=\"0\" aria-label=\"N\u00e4chster Slide\">\n\t\t\t\t\t\t\t<i aria-hidden=\"true\" class=\"eicon-chevron-right\"><\/i>\t\t\t\t\t\t<\/div>\n\t\t\t\t\t\t\t\t\t\t\t\t\t\t\t\t\t<\/div>\n\t\t\t\t<\/div>\n\t\t\t\t\t\t\t\t<\/div>\n\t\t\t\t<\/div>\n\t\t\t\t\t<\/div>\n\t\t<\/div>\n\t\t\t\t<div class=\"elementor-column elementor-col-50 elementor-top-column elementor-element elementor-element-e7b5ab3\" data-id=\"e7b5ab3\" data-element_type=\"column\" data-e-type=\"column\">\n\t\t\t<div class=\"elementor-widget-wrap elementor-element-populated\">\n\t\t\t\t\t\t<div class=\"elementor-element elementor-element-197587d5 elementor-widget elementor-widget-text-editor\" data-id=\"197587d5\" data-element_type=\"widget\" data-e-type=\"widget\" data-widget_type=\"text-editor.default\">\n\t\t\t\t<div class=\"elementor-widget-container\">\n\t\t\t\t\t\t\t\t\t<h2>Warum <span style=\"color: #e3000f;\">DecoFIL?<\/h2>\n\t\t\t\t\t\t\t\t<\/div>\n\t\t\t\t<\/div>\n\t\t\t\t<div class=\"elementor-element elementor-element-40dd6e0 elementor-widget elementor-widget-text-editor\" data-id=\"40dd6e0\" data-element_type=\"widget\" data-e-type=\"widget\" data-widget_type=\"text-editor.default\">\n\t\t\t\t<div class=\"elementor-widget-container\">\n\t\t\t\t\t\t\t\t\t<p>Es bietet Schutz vor Sonnenlicht, Wind und Temperaturschwankungen in den Bereichen, in denen es eingesetzt wird. DecoFIL, das die Sonnenstrahlen in gew\u00fcnschtem Ma\u00dfe bricht und f\u00fcr eine gleichm\u00e4\u00dfige Verteilung sorgt, hat ein breites Einsatzgebiet.<\/p>\n<p><b>\u2022 <\/b>Es wird in Restaurants, an Str\u00e4nden, in Sportarenen, Schwimmb\u00e4dern und auf Parkpl\u00e4tzen verwendet.<\/p>\n<p><b>\u2022 <\/b>Schattenspender und Schutz vor sch\u00e4dlichen Sonnenstrahlen in der Viehwirtschaft und in Tierheimen<\/p>\n<p><b>\u2022 <\/b>Gemischtes stabilisiertes UV<\/p>\n<p><b>\u2022 <\/b>Gro\u00dfe Produktpalette bietet Beschattung zwischen 25 % und 90 %<\/p>\n<p><b>\u2022 <\/b>Wenn die Durchf\u00fchrungsbedingungen angegeben werden, ist es dauerhaft gegen Rissbildung<\/p>\n<p><b>\u2022 <\/b>Sorgt f\u00fcr eine ideale Luftzirkulation<\/p>\n<p><b>\u2022 <\/b>Unsere Produkte werden mit einer Faltmaschine doppelt gerollt.<\/p>\n\t\t\t\t\t\t\t\t<\/div>\n\t\t\t\t<\/div>\n\t\t\t\t\t<\/div>\n\t\t<\/div>\n\t\t\t\t\t<\/div>\n\t\t<\/section>\n\t\t\t\t<section class=\"elementor-section elementor-top-section elementor-element elementor-element-7eb9dfcb elementor-section-full_width elementor-section-content-space-between elementor-section-height-default elementor-section-height-default\" data-id=\"7eb9dfcb\" data-element_type=\"section\" data-e-type=\"section\" data-settings=\"{&quot;background_background&quot;:&quot;classic&quot;}\">\n\t\t\t\t\t\t<div class=\"elementor-container elementor-column-gap-extended\">\n\t\t\t\t\t<div class=\"elementor-column elementor-col-100 elementor-top-column elementor-element elementor-element-6df6d452\" data-id=\"6df6d452\" data-element_type=\"column\" data-e-type=\"column\">\n\t\t\t<div class=\"elementor-widget-wrap elementor-element-populated\">\n\t\t\t\t\t\t<div class=\"elementor-element elementor-element-92842ed elementor-widget elementor-widget-text-editor\" data-id=\"92842ed\" data-element_type=\"widget\" data-e-type=\"widget\" data-widget_type=\"text-editor.default\">\n\t\t\t\t<div class=\"elementor-widget-container\">\n\t\t\t\t\t\t\t\t\t<h2><span style=\"color: #e3000f;\">DecoFIL<\/span> Spezifikationen<\/h2>\n\t\t\t\t\t\t\t\t<\/div>\n\t\t\t\t<\/div>\n\t\t\t\t<div class=\"elementor-element elementor-element-e7d9c3c gallery-spacing-custom elementor-widget elementor-widget-image-gallery\" data-id=\"e7d9c3c\" data-element_type=\"widget\" data-e-type=\"widget\" data-widget_type=\"image-gallery.default\">\n\t\t\t\t<div class=\"elementor-widget-container\">\n\t\t\t\t\t\t\t<div class=\"elementor-image-gallery\">\n\t\t\t<div id='gallery-1' class='gallery galleryid-2954 gallery-columns-1 gallery-size-full'><figure class='gallery-item'>\n\t\t\t<div class='gallery-icon landscape'>\n\t\t\t\t<a data-elementor-open-lightbox=\"yes\" data-elementor-lightbox-slideshow=\"e7d9c3c\" data-elementor-lightbox-title=\"DecoFIL Olympusgr\u00fcn\" data-e-action-hash=\"#elementor-action%3Aaction%3Dlightbox%26settings%3DeyJpZCI6MzE0NywidXJsIjoiaHR0cHM6XC9cL3BvbGlmaWxhcy5jb21cL3dwLWNvbnRlbnRcL3VwbG9hZHNcLzIwMjRcLzEyXC9EZWNvRklMLU9seW1wdXNncnVuLnBuZyIsInNsaWRlc2hvdyI6ImU3ZDljM2MifQ%3D%3D\" href='https:\/\/polifilas.com\/wp-content\/uploads\/2024\/12\/DecoFIL-Olympusgrun.png'><img fetchpriority=\"high\" decoding=\"async\" width=\"1000\" height=\"250\" src=\"https:\/\/polifilas.com\/wp-content\/uploads\/2024\/12\/DecoFIL-Olympusgrun.png\" class=\"attachment-full size-full\" alt=\"\" srcset=\"https:\/\/polifilas.com\/wp-content\/uploads\/2024\/12\/DecoFIL-Olympusgrun.png 1000w, https:\/\/polifilas.com\/wp-content\/uploads\/2024\/12\/DecoFIL-Olympusgrun-300x75.png 300w, https:\/\/polifilas.com\/wp-content\/uploads\/2024\/12\/DecoFIL-Olympusgrun-768x192.png 768w\" sizes=\"(max-width: 1000px) 100vw, 1000px\" \/><\/a>\n\t\t\t<\/div><\/figure><figure class='gallery-item'>\n\t\t\t<div class='gallery-icon landscape'>\n\t\t\t\t<a data-elementor-open-lightbox=\"yes\" data-elementor-lightbox-slideshow=\"e7d9c3c\" data-elementor-lightbox-title=\"DecoFIL Alanya Sand\" data-e-action-hash=\"#elementor-action%3Aaction%3Dlightbox%26settings%3DeyJpZCI6MzE0NCwidXJsIjoiaHR0cHM6XC9cL3BvbGlmaWxhcy5jb21cL3dwLWNvbnRlbnRcL3VwbG9hZHNcLzIwMjRcLzEyXC9EZWNvRklMLUFsYW55YS1TYW5kLnBuZyIsInNsaWRlc2hvdyI6ImU3ZDljM2MifQ%3D%3D\" href='https:\/\/polifilas.com\/wp-content\/uploads\/2024\/12\/DecoFIL-Alanya-Sand.png'><img decoding=\"async\" width=\"1000\" height=\"250\" src=\"https:\/\/polifilas.com\/wp-content\/uploads\/2024\/12\/DecoFIL-Alanya-Sand.png\" class=\"attachment-full size-full\" alt=\"\" srcset=\"https:\/\/polifilas.com\/wp-content\/uploads\/2024\/12\/DecoFIL-Alanya-Sand.png 1000w, https:\/\/polifilas.com\/wp-content\/uploads\/2024\/12\/DecoFIL-Alanya-Sand-300x75.png 300w, https:\/\/polifilas.com\/wp-content\/uploads\/2024\/12\/DecoFIL-Alanya-Sand-768x192.png 768w\" sizes=\"(max-width: 1000px) 100vw, 1000px\" \/><\/a>\n\t\t\t<\/div><\/figure><figure class='gallery-item'>\n\t\t\t<div class='gallery-icon landscape'>\n\t\t\t\t<a data-elementor-open-lightbox=\"yes\" data-elementor-lightbox-slideshow=\"e7d9c3c\" data-elementor-lightbox-title=\"DecoFIL Kubasand\" data-e-action-hash=\"#elementor-action%3Aaction%3Dlightbox%26settings%3DeyJpZCI6MzE0MSwidXJsIjoiaHR0cHM6XC9cL3BvbGlmaWxhcy5jb21cL3dwLWNvbnRlbnRcL3VwbG9hZHNcLzIwMjRcLzEyXC9EZWNvRklMLUt1YmFzYW5kLnBuZyIsInNsaWRlc2hvdyI6ImU3ZDljM2MifQ%3D%3D\" href='https:\/\/polifilas.com\/wp-content\/uploads\/2024\/12\/DecoFIL-Kubasand.png'><img decoding=\"async\" width=\"1000\" height=\"250\" src=\"https:\/\/polifilas.com\/wp-content\/uploads\/2024\/12\/DecoFIL-Kubasand.png\" class=\"attachment-full size-full\" alt=\"\" srcset=\"https:\/\/polifilas.com\/wp-content\/uploads\/2024\/12\/DecoFIL-Kubasand.png 1000w, https:\/\/polifilas.com\/wp-content\/uploads\/2024\/12\/DecoFIL-Kubasand-300x75.png 300w, https:\/\/polifilas.com\/wp-content\/uploads\/2024\/12\/DecoFIL-Kubasand-768x192.png 768w\" sizes=\"(max-width: 1000px) 100vw, 1000px\" \/><\/a>\n\t\t\t<\/div><\/figure><figure class='gallery-item'>\n\t\t\t<div class='gallery-icon landscape'>\n\t\t\t\t<a data-elementor-open-lightbox=\"yes\" data-elementor-lightbox-slideshow=\"e7d9c3c\" data-elementor-lightbox-title=\"DecoFIL Ozeanblau\" data-e-action-hash=\"#elementor-action%3Aaction%3Dlightbox%26settings%3DeyJpZCI6MzEzOCwidXJsIjoiaHR0cHM6XC9cL3BvbGlmaWxhcy5jb21cL3dwLWNvbnRlbnRcL3VwbG9hZHNcLzIwMjRcLzEyXC9EZWNvRklMLU96ZWFuYmxhdS5wbmciLCJzbGlkZXNob3ciOiJlN2Q5YzNjIn0%3D\" href='https:\/\/polifilas.com\/wp-content\/uploads\/2024\/12\/DecoFIL-Ozeanblau.png'><img loading=\"lazy\" decoding=\"async\" width=\"1000\" height=\"250\" src=\"https:\/\/polifilas.com\/wp-content\/uploads\/2024\/12\/DecoFIL-Ozeanblau.png\" class=\"attachment-full size-full\" alt=\"\" srcset=\"https:\/\/polifilas.com\/wp-content\/uploads\/2024\/12\/DecoFIL-Ozeanblau.png 1000w, https:\/\/polifilas.com\/wp-content\/uploads\/2024\/12\/DecoFIL-Ozeanblau-300x75.png 300w, https:\/\/polifilas.com\/wp-content\/uploads\/2024\/12\/DecoFIL-Ozeanblau-768x192.png 768w\" sizes=\"(max-width: 1000px) 100vw, 1000px\" \/><\/a>\n\t\t\t<\/div><\/figure>\n\t\t<\/div>\n\t\t<\/div>\n\t\t\t\t\t\t<\/div>\n\t\t\t\t<\/div>\n\t\t\t\t\t<\/div>\n\t\t<\/div>\n\t\t\t\t\t<\/div>\n\t\t<\/section>\n\t\t\t\t<section class=\"elementor-section elementor-top-section elementor-element elementor-element-1b53e2d elementor-section-content-middle elementor-section-boxed elementor-section-height-default elementor-section-height-default\" data-id=\"1b53e2d\" data-element_type=\"section\" data-e-type=\"section\" data-settings=\"{&quot;background_background&quot;:&quot;classic&quot;}\">\n\t\t\t\t\t\t<div class=\"elementor-container elementor-column-gap-default\">\n\t\t\t\t\t<div class=\"elementor-column elementor-col-50 elementor-top-column elementor-element elementor-element-549fe7ec\" data-id=\"549fe7ec\" data-element_type=\"column\" data-e-type=\"column\">\n\t\t\t<div class=\"elementor-widget-wrap elementor-element-populated\">\n\t\t\t\t\t\t<div class=\"elementor-element elementor-element-20e7fe1f elementor-widget elementor-widget-heading\" data-id=\"20e7fe1f\" data-element_type=\"widget\" data-e-type=\"widget\" data-widget_type=\"heading.default\">\n\t\t\t\t<div class=\"elementor-widget-container\">\n\t\t\t\t\t<p class=\"elementor-heading-title elementor-size-default\">Wir stehen Ihnen mit unseren speziellen \u201eGestricktes Netz\u201c-Produkten f\u00fcr Ihre Bed\u00fcrfnisse zur Verf\u00fcgung.<\/p>\t\t\t\t<\/div>\n\t\t\t\t<\/div>\n\t\t\t\t<div class=\"elementor-element elementor-element-1475c45 elementor-widget elementor-widget-spacer\" data-id=\"1475c45\" data-element_type=\"widget\" data-e-type=\"widget\" data-widget_type=\"spacer.default\">\n\t\t\t\t<div class=\"elementor-widget-container\">\n\t\t\t\t\t\t\t<div class=\"elementor-spacer\">\n\t\t\t<div class=\"elementor-spacer-inner\"><\/div>\n\t\t<\/div>\n\t\t\t\t\t\t<\/div>\n\t\t\t\t<\/div>\n\t\t\t\t<div class=\"elementor-element elementor-element-275df66b elementor-widget elementor-widget-text-editor\" data-id=\"275df66b\" data-element_type=\"widget\" data-e-type=\"widget\" data-widget_type=\"text-editor.default\">\n\t\t\t\t<div class=\"elementor-widget-container\">\n\t\t\t\t\t\t\t\t\t<p>Um detaillierte Informationen und ein Preisangebot zu erhalten, k\u00f6nnen Sie uns \u00fcber das untenstehende Kontaktformular kontaktieren oder uns gleich anrufen.<\/p>\n\t\t\t\t\t\t\t\t<\/div>\n\t\t\t\t<\/div>\n\t\t\t\t\t<\/div>\n\t\t<\/div>\n\t\t\t\t<div class=\"elementor-column elementor-col-50 elementor-top-column elementor-element elementor-element-1be8af3f\" data-id=\"1be8af3f\" data-element_type=\"column\" data-e-type=\"column\">\n\t\t\t<div class=\"elementor-widget-wrap elementor-element-populated\">\n\t\t\t\t\t\t<div class=\"elementor-element elementor-element-2678d069 elementor-button-align-stretch elementor-widget elementor-widget-form\" data-id=\"2678d069\" data-element_type=\"widget\" data-e-type=\"widget\" data-settings=\"{&quot;step_next_label&quot;:&quot;Weiter&quot;,&quot;step_previous_label&quot;:&quot;Previous&quot;,&quot;button_width&quot;:&quot;100&quot;,&quot;step_type&quot;:&quot;number_text&quot;,&quot;step_icon_shape&quot;:&quot;circle&quot;}\" data-widget_type=\"form.default\">\n\t\t\t\t<div class=\"elementor-widget-container\">\n\t\t\t\t\t\t\t<form class=\"elementor-form\" method=\"post\" name=\"Neues Formular\" aria-label=\"Neues Formular\">\n\t\t\t<input type=\"hidden\" name=\"post_id\" value=\"2954\"\/>\n\t\t\t<input type=\"hidden\" name=\"form_id\" value=\"2678d069\"\/>\n\t\t\t<input type=\"hidden\" name=\"referer_title\" value=\"DecoFIL - Polifil A.\u015e.\" \/>\n\n\t\t\t\t\t\t\t<input type=\"hidden\" name=\"queried_id\" value=\"2954\"\/>\n\t\t\t\n\t\t\t<div class=\"elementor-form-fields-wrapper elementor-labels-\">\n\t\t\t\t\t\t\t\t<div class=\"elementor-field-type-text elementor-field-group elementor-column elementor-field-group-name elementor-col-100 elementor-field-required\">\n\t\t\t\t\t\t\t\t\t\t\t\t<label for=\"form-field-name\" class=\"elementor-field-label elementor-screen-only\">\n\t\t\t\t\t\t\t\tName\t\t\t\t\t\t\t<\/label>\n\t\t\t\t\t\t\t\t\t\t\t\t\t\t<input size=\"1\" type=\"text\" name=\"form_fields[name]\" id=\"form-field-name\" class=\"elementor-field elementor-size-sm  elementor-field-textual\" placeholder=\"Name\" required=\"required\">\n\t\t\t\t\t\t\t\t\t\t\t<\/div>\n\t\t\t\t\t\t\t\t<div class=\"elementor-field-type-email elementor-field-group elementor-column elementor-field-group-email elementor-col-50 elementor-field-required\">\n\t\t\t\t\t\t\t\t\t\t\t\t\t<input size=\"1\" type=\"email\" name=\"form_fields[email]\" id=\"form-field-email\" class=\"elementor-field elementor-size-sm  elementor-field-textual\" placeholder=\"e-Mail\" required=\"required\">\n\t\t\t\t\t\t\t\t\t\t\t<\/div>\n\t\t\t\t\t\t\t\t<div class=\"elementor-field-type-text elementor-field-group elementor-column elementor-field-group-field_d7b49cb elementor-col-50\">\n\t\t\t\t\t\t\t\t\t\t\t\t\t<input size=\"1\" type=\"text\" name=\"form_fields[field_d7b49cb]\" id=\"form-field-field_d7b49cb\" class=\"elementor-field elementor-size-sm  elementor-field-textual\" placeholder=\"Firma\">\n\t\t\t\t\t\t\t\t\t\t\t<\/div>\n\t\t\t\t\t\t\t\t<div class=\"elementor-field-type-textarea elementor-field-group elementor-column elementor-field-group-message elementor-col-100 elementor-field-required\">\n\t\t\t\t\t<textarea class=\"elementor-field-textual elementor-field  elementor-size-sm\" name=\"form_fields[message]\" id=\"form-field-message\" rows=\"4\" placeholder=\"Nachricht\" required=\"required\"><\/textarea>\t\t\t\t<\/div>\n\t\t\t\t\t\t\t\t<div class=\"elementor-field-type-acceptance elementor-field-group elementor-column elementor-field-group-field_135dcf4 elementor-col-100 elementor-field-required\">\n\t\t\t\t\t\t\t<div class=\"elementor-field-subgroup\">\n\t\t\t<span class=\"elementor-field-option\">\n\t\t\t\t<input type=\"checkbox\" name=\"form_fields[field_135dcf4]\" id=\"form-field-field_135dcf4\" class=\"elementor-field elementor-size-sm  elementor-acceptance-field\" required=\"required\" checked=\"checked\">\n\t\t\t\t<label for=\"form-field-field_135dcf4\">Ich habe den <a href=\"https:\/\/polifilas.com\/kvkk-aydinlatma-metni\/\">Aufkl\u00e4rungstext<\/a> zu meinen personenbezogenen Daten, die ich im Kontaktformular angegeben habe, gelesen. Ich stimme der Verarbeitung meiner personenbezogenen Daten, die ich weitergebe, ausdr\u00fccklich zu.<\/label>\t\t\t<\/span>\n\t\t<\/div>\n\t\t\t\t\t\t<\/div>\n\t\t\t\t\t\t\t\t<div class=\"elementor-field-type-recaptcha_v3 elementor-field-group elementor-column elementor-field-group-field_2c9682f elementor-col-100 recaptcha_v3-bottomleft\">\n\t\t\t\t\t<div class=\"elementor-field\" id=\"form-field-field_2c9682f\"><div class=\"elementor-g-recaptcha\" data-sitekey=\"6LcWMEMpAAAAAHu7Jjy8ZRzv0YqSdhnqcLlAOUnG\" data-type=\"v3\" data-action=\"Form\" data-badge=\"bottomleft\" data-size=\"invisible\"><\/div><\/div>\t\t\t\t<\/div>\n\t\t\t\t\t\t\t\t<div class=\"elementor-field-group elementor-column elementor-field-type-submit elementor-col-100 e-form__buttons\">\n\t\t\t\t\t<button class=\"elementor-button elementor-size-sm\" type=\"submit\">\n\t\t\t\t\t\t<span class=\"elementor-button-content-wrapper\">\n\t\t\t\t\t\t\t\t\t\t\t\t\t\t\t\t\t\t\t\t\t\t<span class=\"elementor-button-text\">Senden<\/span>\n\t\t\t\t\t\t\t\t\t\t\t\t\t<\/span>\n\t\t\t\t\t<\/button>\n\t\t\t\t<\/div>\n\t\t\t<\/div>\n\t\t<\/form>\n\t\t\t\t\t\t<\/div>\n\t\t\t\t<\/div>\n\t\t\t\t\t<\/div>\n\t\t<\/div>\n\t\t\t\t\t<\/div>\n\t\t<\/section>\n\t\t\t\t<\/div>\n\t\t","protected":false},"excerpt":{"rendered":"<p>DecoFIL DecoFIL, die Marke, die in der T\u00fcrkei und weltweit bevorzugt wird; wird als dekoratives Beschattungsnetz oder Windschutz in Hotels, Restaurants, Caf\u00e9s, an Str\u00e4nden, auf Parkpl\u00e4tzen und Sportpl\u00e4tzen verwendet. Previous slide Next slide Warum DecoFIL? Es bietet Schutz vor Sonnenlicht, Wind und Temperaturschwankungen in den Bereichen, in denen es eingesetzt wird. DecoFIL, das die Sonnenstrahlen [&hellip;]<\/p>\n","protected":false},"author":1,"featured_media":2955,"parent":0,"menu_order":0,"comment_status":"closed","ping_status":"closed","template":"","meta":{"footnotes":""},"class_list":["post-2954","page","type-page","status-publish","has-post-thumbnail","hentry"],"_links":{"self":[{"href":"https:\/\/polifilas.com\/de\/wp-json\/wp\/v2\/pages\/2954","targetHints":{"allow":["GET"]}}],"collection":[{"href":"https:\/\/polifilas.com\/de\/wp-json\/wp\/v2\/pages"}],"about":[{"href":"https:\/\/polifilas.com\/de\/wp-json\/wp\/v2\/types\/page"}],"author":[{"embeddable":true,"href":"https:\/\/polifilas.com\/de\/wp-json\/wp\/v2\/users\/1"}],"replies":[{"embeddable":true,"href":"https:\/\/polifilas.com\/de\/wp-json\/wp\/v2\/comments?post=2954"}],"version-history":[{"count":4,"href":"https:\/\/polifilas.com\/de\/wp-json\/wp\/v2\/pages\/2954\/revisions"}],"predecessor-version":[{"id":3152,"href":"https:\/\/polifilas.com\/de\/wp-json\/wp\/v2\/pages\/2954\/revisions\/3152"}],"wp:featuredmedia":[{"embeddable":true,"href":"https:\/\/polifilas.com\/de\/wp-json\/wp\/v2\/media\/2955"}],"wp:attachment":[{"href":"https:\/\/polifilas.com\/de\/wp-json\/wp\/v2\/media?parent=2954"}],"curies":[{"name":"wp","href":"https:\/\/api.w.org\/{rel}","templated":true}]}}